{"id":4437,"date":"2018-12-12T14:14:12","date_gmt":"2018-12-12T14:14:12","guid":{"rendered":"https:\/\/pono-bowls.de\/index.php\/about-us\/"},"modified":"2026-02-18T10:03:20","modified_gmt":"2026-02-18T09:03:20","slug":"walldorf","status":"publish","type":"page","link":"https:\/\/darmstadt.pono-bowls.de\/index.php\/walldorf\/","title":{"rendered":"Walldorf"},"content":{"rendered":"[vc_row css=&#8220;.vc_custom_1559134125722{padding-top: 10px !important;padding-bottom: 100px !important;}&#8220;][vc_column width=&#8220;5\/12&#8243; css=&#8220;.vc_custom_1558959371819{padding-right: 40px !important;}&#8220;]<div class=\"cws_spacing\"><div class=\"cws_spacing cws_spacing_default\" style=\"height:30px;\"><\/div><\/div><div id='cws_service_item_69ff7dd6bf166' class='cws_service_item cws_vc_shortcode_module title_under a-left  vc_custom_1739358583337'><div class='cws_service_item_wrapper clearfix'><span class='cws_searvice_icon_wrapper cws_searvice_side'><i class='cws_service_icon cws_vc_shortcode_icon_3\u0445 flaticon-leaf'><\/i><\/span><div class='cws_service_info'><h6 class='cws_service_title'>Filiale Walldorf<\/h6><div class='cws_service_desc clearfix'><p>Unser Herzst\u00fcck \u2764<\/p>\n<\/div><\/div><\/div><\/div><div class='cws_textmodule cws_vc_shortcode_module  vc_custom_1739358757179' id='cws_textmodule_69ff7dd6bf499'><div class='cws_textmodule_wrapper icon_pos_above'><div class='cws_textmodule_text text_align_left'><div class='cws_textmodule_titles'><div class='cws_textmodule_aside'><\/div><\/div><div class='cws_textmodule_content'><div class='text_content_wrapper'><p style=\"text-align: left;\">Unsere Neugr\u00fcndung im Februar 2025 in M\u00f6rfelden-Walldorf hat es von 0 auf 100 zu unserem PonoBowls Hauptsitz geschafft.<\/p>\n<\/div><\/div><\/div><\/div><\/div><div class=\"cws_spacing\"><div class=\"cws_spacing cws_spacing_default\" style=\"height:10px;\"><\/div><\/div>[\/vc_column][vc_column width=&#8220;7\/12&#8243;][vc_single_image image=&#8220;11002&#8243; img_size=&#8220;full&#8220; css=&#8220;.vc_custom_1617104513623{border-radius: 30px !important;}&#8220;][\/vc_column][\/vc_row][vc_row full_width=&#8220;stretch_row&#8220; bg_cws_repeat=&#8220;no-repeat&#8220; bg_cws_size=&#8220;cover&#8220; bg_image_position=&#8220;center_center&#8220; crop=&#8220;1&#8243; crop_style=&#8220;style_2&#8243; css=&#8220;.vc_custom_1559109097141{background-image: url(https:\/\/pono-bowls.de\/wp-content\/uploads\/2019\/05\/bg_740.png?id=6435) !important;}&#8220;][vc_column]<div class=\"cws_spacing cws_spacing_size_sm_desctop-on cws_spacing_tablet-on cws_spacing_mobile-on\"><div class=\"cws_spacing cws_spacing_default\" style=\"height:100px;\"><\/div> <div class=\"cws_spacing cws_spacing_size_sm_desctop\" style=\"height:100px;\"><\/div> <div class=\"cws_spacing cws_spacing_tablet\" style=\"height:50px;\"><\/div> <div class=\"cws_spacing cws_spacing_mobile\" style=\"height:50px;\"><\/div><\/div>[vc_row_inner][vc_column_inner width=&#8220;2\/3&#8243; css=&#8220;.vc_custom_1559109188836{padding-right: 50px !important;}&#8220;]<div class='cws_textmodule cws_vc_shortcode_module  vc_custom_1739357355559' id='cws_textmodule_69ff7dd6bf78e'><div class='cws_textmodule_wrapper icon_pos_above'><div class='cws_textmodule_text text_align_right'><div class='cws_textmodule_titles'><div class='cws_textmodule_aside'><\/div><\/div><div class='cws_textmodule_content'><div class='text_content_wrapper'><p>F\u00fcr Neueinsteiger bietet sich am besten unsere Filiale in Walldorf an. Da erwartet euch n\u00e4mlich eine ansprechende Ladentheke mit einer gro\u00dfen Auswahl an unterschiedlichen Toppings und Zutaten, wodurch wir euch unser Konzept und unsere Vielfalt n\u00e4herbringen m\u00f6chten.<\/p>\n<p>\u00dcberzeugt Euch selbst!<\/p>\n<p>Wir freuen uns auf Euren Besuch \ud83d\ude42<\/p>\n<\/div><\/div><\/div><\/div><\/div><div class=\"cws_spacing\"><div class=\"cws_spacing cws_spacing_default\" style=\"height:70px;\"><\/div><\/div>[\/vc_column_inner][vc_column_inner width=&#8220;1\/3&#8243;][vc_single_image image=&#8220;11000&#8243; img_size=&#8220;full&#8220;][\/vc_column_inner][\/vc_row_inner]<div class=\"cws_spacing cws_spacing_size_sm_desctop-on cws_spacing_tablet-on cws_spacing_mobile-on\"><div class=\"cws_spacing cws_spacing_default\" style=\"height:75px;\"><\/div> <div class=\"cws_spacing cws_spacing_size_sm_desctop\" style=\"height:75px;\"><\/div> <div class=\"cws_spacing cws_spacing_tablet\" style=\"height:75px;\"><\/div> <div class=\"cws_spacing cws_spacing_mobile\" style=\"height:50px;\"><\/div><\/div>[\/vc_column][\/vc_row][vc_row][vc_column]<div class=\"cws_spacing\"><div class=\"cws_spacing cws_spacing_default\" style=\"height:32px;\"><\/div><\/div>[\/vc_column][\/vc_row][vc_row][vc_column width=&#8220;1\/4&#8243; css=&#8220;.vc_custom_1617359855075{margin-top: 35px !important;border-top-width: 1px !important;border-right-width: 1px !important;border-bottom-width: 1px !important;border-left-width: 1px !important;padding-top: 10px !important;padding-right: 10px !important;padding-bottom: 10px !important;padding-left: 10px !important;border-left-color: #dddddd !important;border-left-style: solid !important;border-right-color: #dddddd !important;border-right-style: solid !important;border-top-color: #dddddd !important;border-top-style: solid !important;border-bottom-color: #dddddd !important;border-bottom-style: solid !important;}&#8220;]<div class=\"cws_spacing\"><div class=\"cws_spacing cws_spacing_default\" style=\"height:0px;\"><\/div><\/div><div class='cws_textmodule cws_vc_shortcode_module' id='cws_textmodule_69ff7dd6bfb0c'><div class='cws_textmodule_wrapper icon_pos_above'><div class='cws_textmodule_text text_align_center'><div class='cws_textmodule_titles'><div class='cws_textmodule_aside'><\/div><\/div><div class='cws_textmodule_content'><div class='text_content_wrapper'><h3>Pono Bowl&#8217;s &amp; more Walldorf<\/h3>\n<p>&nbsp;<\/p>\n<p>Farmstrasse 16<\/p>\n<p>64546 M\u00f6rfelden-Walldorf<\/p>\n<p>&nbsp;<\/p>\n<div class=\"contacts\"><i class=\"fas fa-phone-square-alt\"><\/i><a href=\"tel:+49615583484\">06155-834 84 04<\/a><br \/>\n<i class=\"fas fa-envelope\"><\/i><a href=\"mailto:info@pono-bowls.de\">info@pono-bowls.de<\/a><br \/>\n<i class=\"fas fa-globe\"><\/i><a href=\"https:\/\/walldorf.pono-bowls.de\">www.walldorf.pono-bowls.de<\/a><\/div>\n<\/div><\/div><\/div><\/div><\/div><div class=\"cws_spacing cws_spacing_size_sm_desctop-on cws_spacing_tablet-on cws_spacing_mobile-on\"><div class=\"cws_spacing cws_spacing_default\" style=\"height:29px;\"><\/div> <div class=\"cws_spacing cws_spacing_size_sm_desctop\" style=\"height:27px;\"><\/div> <div class=\"cws_spacing cws_spacing_tablet\" style=\"height:0px;\"><\/div> <div class=\"cws_spacing cws_spacing_mobile\" style=\"height:10px;\"><\/div><\/div>[\/vc_column][vc_column width=&#8220;3\/4&#8243; css=&#8220;.vc_custom_1617359073181{background-color: #ffffff !important;}&#8220;][vc_gmaps link=&#8220;#E-8_JTNDaWZyYW1lJTIwc3JjJTNEJTIyaHR0cHMlM0ElMkYlMkZ3d3cuZ29vZ2xlLmNvbSUyRm1hcHMlMkZlbWJlZCUzRnBiJTNEJTIxMW0xOCUyMTFtMTIlMjExbTMlMjExZDExNTY5LjMwNDExNjUwNTkxMSUyMTJkOC41NzE5MTM1NTYzNjgxMDQlMjEzZDUwLjAwMzkyMTAxNDUzODk1JTIxMm0zJTIxMWYwJTIxMmYwJTIxM2YwJTIxM20yJTIxMWkxMDI0JTIxMmk3NjglMjE0ZjEzLjElMjEzbTMlMjExbTIlMjExczB4NDdiZDc1MWQ3MGRmMjBmNyUyNTNBMHg3MTE1MGY3ZmZkMjViOWY3JTIxMnNGYXJtc3RyYSUyNUMzJTI1OUZlJTI1MjAxNiUyNTJDJTI1MjA2NDU0NiUyNTIwTSUyNUMzJTI1QjZyZmVsZGVuLVdhbGxkb3JmJTIxNWUwJTIxM20yJTIxMXNkZSUyMTJzZGUlMjE0djE3MzkzNTc0ODI5OTMlMjE1bTIlMjExc2RlJTIxMnNkZSUyMiUyMHdpZHRoJTNEJTIyMTAwJTI1JTIyJTIwaGVpZ2h0JTNEJTIyNDUwJTIyJTIwc3R5bGUlM0QlMjJib3JkZXIlM0EwJTNCJTIyJTIwYWxsb3dmdWxsc2NyZWVuJTNEJTIyJTIyJTIwbG9hZGluZyUzRCUyMmxhenklMjIlMjByZWZlcnJlcnBvbGljeSUzRCUyMm5vLXJlZmVycmVyLXdoZW4tZG93bmdyYWRlJTIyJTNFJTNDJTJGaWZyYW1lJTNF&#8220;][\/vc_column][\/vc_row][vc_row][vc_column width=&#8220;1\/3&#8243;]<div class=\"cws_spacing cws_spacing_size_sm_desctop-on cws_spacing_tablet-on cws_spacing_mobile-on\"><div class=\"cws_spacing cws_spacing_default\" style=\"height:75px;\"><\/div> <div class=\"cws_spacing cws_spacing_size_sm_desctop\" style=\"height:75px;\"><\/div> <div class=\"cws_spacing cws_spacing_tablet\" style=\"height:75px;\"><\/div> <div class=\"cws_spacing cws_spacing_mobile\" style=\"height:50px;\"><\/div><\/div>[vc_single_image image=&#8220;11007&#8243; img_size=&#8220;full&#8220; alignment=&#8220;center&#8220;][\/vc_column][vc_column width=&#8220;1\/3&#8243;]<div class=\"cws_spacing cws_spacing_size_sm_desctop-on cws_spacing_tablet-on cws_spacing_mobile-on\"><div class=\"cws_spacing cws_spacing_default\" style=\"height:75px;\"><\/div> <div class=\"cws_spacing cws_spacing_size_sm_desctop\" style=\"height:75px;\"><\/div> <div class=\"cws_spacing cws_spacing_tablet\" style=\"height:75px;\"><\/div> <div class=\"cws_spacing cws_spacing_mobile\" style=\"height:50px;\"><\/div><\/div>[vc_single_image image=&#8220;11005&#8243; img_size=&#8220;full&#8220; alignment=&#8220;center&#8220;][\/vc_column][vc_column width=&#8220;1\/3&#8243;]<div class=\"cws_spacing cws_spacing_size_sm_desctop-on cws_spacing_tablet-on cws_spacing_mobile-on\"><div class=\"cws_spacing cws_spacing_default\" style=\"height:75px;\"><\/div> <div class=\"cws_spacing cws_spacing_size_sm_desctop\" style=\"height:75px;\"><\/div> <div class=\"cws_spacing cws_spacing_tablet\" style=\"height:75px;\"><\/div> <div class=\"cws_spacing cws_spacing_mobile\" style=\"height:50px;\"><\/div><\/div>[vc_single_image image=&#8220;11004&#8243; img_size=&#8220;full&#8220; alignment=&#8220;center&#8220;][\/vc_column][\/vc_row]\n","protected":false},"excerpt":{"rendered":"<p>[vc_row css=&#8220;.vc_custom_1559134125722{padding-top: 10px !important;padding-bottom: 100px !important;}&#8220;][vc_column width=&#8220;5\/12&#8243; css=&#8220;.vc_custom_1558959371819{padding-right: 40px !important;}&#8220;][\/vc_column][vc_column width=&#8220;7\/12&#8243;][vc_single_image image=&#8220;11002&#8243; img_size=&#8220;full&#8220; css=&#8220;.vc_custom_1617104513623{border-radius: 30px !important;}&#8220;][\/vc_column][\/vc_row][vc_row full_width=&#8220;stretch_row&#8220; bg_cws_repeat=&#8220;no-repeat&#8220; bg_cws_size=&#8220;cover&#8220; bg_image_position=&#8220;center_center&#8220; crop=&#8220;1&#8243; crop_style=&#8220;style_2&#8243; css=&#8220;.vc_custom_1559109097141{background-image: url(https:\/\/pono-bowls.de\/wp-content\/uploads\/2019\/05\/bg_740.png?id=6435) !important;}&#8220;][vc_column][vc_row_inner][vc_column_inner width=&#8220;2\/3&#8243; css=&#8220;.vc_custom_1559109188836{padding-right: 50px !important;}&#8220;][\/vc_column_inner][vc_column_inner width=&#8220;1\/3&#8243;][vc_single_image image=&#8220;11000&#8243; img_size=&#8220;full&#8220;][\/vc_column_inner][\/vc_row_inner][\/vc_column][\/vc_row][vc_row][vc_column][\/vc_column][\/vc_row][vc_row][vc_column width=&#8220;1\/4&#8243; css=&#8220;.vc_custom_1617359855075{margin-top: 35px !important;border-top-width: 1px !important;border-right-width: 1px !important;border-bottom-width: 1px !important;border-left-width: 1px !important;padding-top: 10px !important;padding-right: 10px !important;padding-bottom: 10px !important;padding-left: 10px !important;border-left-color: #dddddd !important;border-left-style: solid !important;border-right-color: #dddddd !important;border-right-style: solid !important;border-top-color: #dddddd !important;border-top-style: solid !important;border-bottom-color: #dddddd !important;border-bottom-style: solid !important;}&#8220;][\/vc_column][vc_column width=&#8220;3\/4&#8243; css=&#8220;.vc_custom_1617359073181{background-color: #ffffff !important;}&#8220;][vc_gmaps link=&#8220;#E-8_JTNDaWZyYW1lJTIwc3JjJTNEJTIyaHR0cHMlM0ElMkYlMkZ3d3cuZ29vZ2xlLmNvbSUyRm1hcHMlMkZlbWJlZCUzRnBiJTNEJTIxMW0xOCUyMTFtMTIlMjExbTMlMjExZDExNTY5LjMwNDExNjUwNTkxMSUyMTJkOC41NzE5MTM1NTYzNjgxMDQlMjEzZDUwLjAwMzkyMTAxNDUzODk1JTIxMm0zJTIxMWYwJTIxMmYwJTIxM2YwJTIxM20yJTIxMWkxMDI0JTIxMmk3NjglMjE0ZjEzLjElMjEzbTMlMjExbTIlMjExczB4NDdiZDc1MWQ3MGRmMjBmNyUyNTNBMHg3MTE1MGY3ZmZkMjViOWY3JTIxMnNGYXJtc3RyYSUyNUMzJTI1OUZlJTI1MjAxNiUyNTJDJTI1MjA2NDU0NiUyNTIwTSUyNUMzJTI1QjZyZmVsZGVuLVdhbGxkb3JmJTIxNWUwJTIxM20yJTIxMXNkZSUyMTJzZGUlMjE0djE3MzkzNTc0ODI5OTMlMjE1bTIlMjExc2RlJTIxMnNkZSUyMiUyMHdpZHRoJTNEJTIyMTAwJTI1JTIyJTIwaGVpZ2h0JTNEJTIyNDUwJTIyJTIwc3R5bGUlM0QlMjJib3JkZXIlM0EwJTNCJTIyJTIwYWxsb3dmdWxsc2NyZWVuJTNEJTIyJTIyJTIwbG9hZGluZyUzRCUyMmxhenklMjIlMjByZWZlcnJlcnBvbGljeSUzRCUyMm5vLXJlZmVycmVyLXdoZW4tZG93bmdyYWRlJTIyJTNFJTNDJTJGaWZyYW1lJTNF&#8220;][\/vc_column][\/vc_row][vc_row][vc_column width=&#8220;1\/3&#8243;][vc_single_image image=&#8220;11007&#8243; img_size=&#8220;full&#8220; alignment=&#8220;center&#8220;][\/vc_column][vc_column width=&#8220;1\/3&#8243;][vc_single_image image=&#8220;11005&#8243; img_size=&#8220;full&#8220; alignment=&#8220;center&#8220;][\/vc_column][vc_column width=&#8220;1\/3&#8243;][vc_single_image image=&#8220;11004&#8243; img_size=&#8220;full&#8220; alignment=&#8220;center&#8220;][\/vc_column][\/vc_row]<\/p>\n","protected":false},"author":1,"featured_media":0,"parent":0,"menu_order":0,"comment_status":"closed","ping_status":"closed","template":"","meta":{"footnotes":""},"_links":{"self":[{"href":"https:\/\/darmstadt.pono-bowls.de\/index.php\/wp-json\/wp\/v2\/pages\/4437"}],"collection":[{"href":"https:\/\/darmstadt.pono-bowls.de\/index.php\/wp-json\/wp\/v2\/pages"}],"about":[{"href":"https:\/\/darmstadt.pono-bowls.de\/index.php\/wp-json\/wp\/v2\/types\/page"}],"author":[{"embeddable":true,"href":"https:\/\/darmstadt.pono-bowls.de\/index.php\/wp-json\/wp\/v2\/users\/1"}],"replies":[{"embeddable":true,"href":"https:\/\/darmstadt.pono-bowls.de\/index.php\/wp-json\/wp\/v2\/comments?post=4437"}],"version-history":[{"count":21,"href":"https:\/\/darmstadt.pono-bowls.de\/index.php\/wp-json\/wp\/v2\/pages\/4437\/revisions"}],"predecessor-version":[{"id":44296,"href":"https:\/\/darmstadt.pono-bowls.de\/index.php\/wp-json\/wp\/v2\/pages\/4437\/revisions\/44296"}],"wp:attachment":[{"href":"https:\/\/darmstadt.pono-bowls.de\/index.php\/wp-json\/wp\/v2\/media?parent=4437"}],"curies":[{"name":"wp","href":"https:\/\/api.w.org\/{rel}","templated":true}]}}