{"id":7578,"date":"2020-11-20T17:57:47","date_gmt":"2020-11-20T15:57:47","guid":{"rendered":"https:\/\/pono-bowls.de\/?page_id=7578"},"modified":"2021-03-29T12:33:15","modified_gmt":"2021-03-29T10:33:15","slug":"warum-pono","status":"publish","type":"page","link":"https:\/\/darmstadt.pono-bowls.de\/index.php\/warum-pono\/","title":{"rendered":"Warum Pono Bowls?"},"content":{"rendered":"[vc_row content_placement=&#8220;middle&#8220; bg_cws_repeat=&#8220;no-repeat&#8220; bg_cws_size=&#8220;contain&#8220; bg_image_position=&#8220;left_bottom&#8220; el_class=&#8220;center&#8220;][vc_column][vc_column_text]\r\n<h1 style=\"text-align: center;\">\u00a0<\/h1>\r\n<h1 style=\"text-align: center; color: #26463b;\"><span style=\"color: #e6b34b;\">Warum Pono Bowls?<\/span><\/h1>\r\n<p>&nbsp;<\/p>\r\n<p>&nbsp;<\/p>\r\n<p style=\"text-align: center;\"><span style=\"color: #e6b34b;\"><\/span><\/p>\r\n<p style=\"text-align: center;\"><span style=\"color: #e6b34b; font-size: 16px; line-height: 1.625em;\">Gesunde, nachhaltige und bewusste Ern\u00e4hrung gewinnt immer mehr an Zuspruch und ist in der heutigen Gesellschaft ein gro\u00dfes Thema! Gerade den j\u00fcngeren Generationen wird immer bewusster, wie unser Konsumverhalten an zu viel Fleisch, raffiniertem Zucker und industriell verarbeiteten Lebensmitteln nicht nur dem K\u00f6rper, sondern auch unserem Planeten erheblich schadet. So kann es nicht weiter gehen und es muss sich etwas \u00e4ndern! Masse statt Klasse war gestern, heute m\u00f6chten die Verbraucher genau wissen, was sie essen, wo es herkommt und wie es hergestellt wurde.<\/span><\/p>\r\n<p style=\"text-align: center; font-size: 16px; line-height: 1.625em;\"><span style=\"color: #e6b34b;\">Erschreckenderweise ist den meisten bewusst, dass sie sich nicht gesund und ausgewogen ern\u00e4hren, aber viele nehmen es dennoch in Kauf. Warum ist das so? Unserer Meinung nach liegt es an der heutigen, schnelllebigen und stressigen Zeit. Ein Griff im Supermarkt, beim B\u00e4cker oder an der Tankstelle geht schlie\u00dflich schneller, als sich etwas Ausgewogenes zu kochen. Das Angebot an gutem Essen \u201eTo-Go\u201c, aber auch zum Liefern ist mehr als rar, vor allem in den kleineren St\u00e4dten und Bezirken. Wenn die Zeit oder Lust zu kochen fehlt, wird es in der Regel das Fast\/Junk-Food vom Lieferanten oder Imbiss.<\/span><\/p>\r\n<p style=\"text-align: center; font-size: 16px; line-height: 1.625em;\"><span style=\"color: #e6b34b;\">Ein Essen mit frischem Obst und Gem\u00fcse ist so viel mehr wert als ein Fleischk\u00e4sebr\u00f6tchen. Nicht nur, dass der K\u00f6rper ausreichend mit Vitaminen und Mineralstoffen versorgt wird, sich besser f\u00fchlt, mehr Energie hat und dadurch eine h\u00f6here Leistungsf\u00e4higkeit, sondern auch l\u00e4nger satt ist und immuner gegen Krankheiten.<\/span><\/p>\r\n<p style=\"text-align: center; font-size: 16px; line-height: 1.625em;\"><span style=\"color: #e6b34b;\">Das war immer noch nicht alles, denn weniger Konsum an Fleisch und industriell hergestellten Lebensmitteln, ist auch f\u00fcr unsere Umwelt und Erde gut. Das dies ein riesiges Thema ist, sollte jedem bewusst sein. Hier betr\u00fcbt uns pers\u00f6nlich vor allem die Massentierhaltung. Diese Art, Tiere zu halten und auszubeuten, ist nicht nur ethisch mehr als fragw\u00fcrdig, sondern verbraucht zudem enorm viele Ressourcen, wie z.B. Wasser und Landfl\u00e4chen. Wenn jeder seine Augen \u00f6ffnet und sieht, wie die Tiere gehalten, ern\u00e4hrt und get\u00f6tet werden, sind wir sicher, dass den meisten der ,,Hunger nach Fleisch&#8220; vergeht.<\/span><\/p>\r\n<p style=\"text-align: center;\"><span style=\"color: #e6b34b; font-size: 16px; line-height: 1.625em;\">Bewusst oder unbewusst, die Lebensmittelindustrie hat uns in der Hand und verlockt ungehindert zu noch mehr Zucker, Geschmacksverst\u00e4rkern und Fett. Eine aktuelle Studie zeigt, dass \u00fcber die H\u00e4lfte (53 %) der deutschen Erwachsenen und ein F\u00fcnftel (19 %) der Kinder\/Jugendlichen als \u00fcbergewichtig oder fettleibig eingestuft werden, wobei der Anteil der fettleibigen Erwachsenen weiter steigt. Wir m\u00fcssen sp\u00e4teren Generationen einen anderen Weg zeigen! Einen Weg aus nicht verarbeiteten, frischen und gesunden Lebensmitteln! Einen Weg zu einem gesunden K\u00f6rper und Planeten! Auch die Taten einer einzelnen Person ziehen ihr Kreise, verabschiede dich von dem Gedanken, dass du allein nichts \u00e4ndern kannst!<\/span><\/p>\r\n<p>&nbsp;<\/p>\r\n<p>&nbsp;<\/p>\r\n<p>&nbsp;<\/p>\r\n[\/vc_column_text][\/vc_column][\/vc_row][vc_row][vc_column][\/vc_column][\/vc_row]","protected":false},"excerpt":{"rendered":"<p>[vc_row content_placement=&#8220;middle&#8220; bg_cws_repeat=&#8220;no-repeat&#8220; bg_cws_size=&#8220;contain&#8220; bg_image_position=&#8220;left_bottom&#8220; el_class=&#8220;center&#8220;][vc_column][vc_column_text] \u00a0 Warum Pono Bowls? &nbsp; &nbsp; Gesunde, nachhaltige und bewusste Ern\u00e4hrung gewinnt immer mehr an Zuspruch und ist in der heutigen Gesellschaft ein gro\u00dfes Thema! Gerade den j\u00fcngeren Generationen wird immer bewusster, wie unser Konsumverhalten an zu viel Fleisch, raffiniertem Zucker und industriell verarbeiteten Lebensmitteln nicht nur dem K\u00f6rper, sondern auch unserem Planeten erheblich schadet. So kann es nicht weiter gehen und es muss sich etwas \u00e4ndern! Masse statt Klasse war gestern, heute m\u00f6chten die Verbraucher genau wissen, was sie essen, wo es herkommt und wie es hergestellt wurde. Erschreckenderweise ist den meisten bewusst, dass sie sich nicht gesund und ausgewogen ern\u00e4hren, aber viele nehmen es dennoch in Kauf. Warum ist das so? Unserer Meinung nach liegt es an der heutigen, schnelllebigen und stressigen Zeit. Ein Griff im Supermarkt, beim B\u00e4cker oder an der Tankstelle geht schlie\u00dflich schneller, als sich etwas Ausgewogenes zu kochen. Das Angebot an gutem Essen \u201eTo-Go\u201c, aber auch zum Liefern ist mehr als rar, vor allem in den kleineren St\u00e4dten und Bezirken. Wenn die Zeit oder Lust zu kochen fehlt, wird es in der Regel das Fast\/Junk-Food vom Lieferanten oder Imbiss. Ein Essen mit frischem Obst und Gem\u00fcse ist so viel mehr wert als ein Fleischk\u00e4sebr\u00f6tchen. Nicht nur, dass der K\u00f6rper ausreichend mit Vitaminen und Mineralstoffen versorgt wird, sich besser f\u00fchlt, mehr Energie hat und dadurch eine h\u00f6here Leistungsf\u00e4higkeit, sondern auch l\u00e4nger satt ist und immuner gegen Krankheiten. Das war immer noch nicht alles, denn weniger Konsum an Fleisch und industriell hergestellten Lebensmitteln, ist auch f\u00fcr unsere Umwelt und Erde gut. Das dies ein riesiges Thema ist, sollte jedem bewusst sein. Hier betr\u00fcbt uns pers\u00f6nlich vor allem die Massentierhaltung. Diese Art, Tiere zu halten und auszubeuten, ist nicht nur ethisch mehr als fragw\u00fcrdig, sondern verbraucht zudem enorm viele Ressourcen, wie z.B. Wasser und Landfl\u00e4chen. Wenn jeder seine Augen \u00f6ffnet und sieht, wie die Tiere gehalten, ern\u00e4hrt und get\u00f6tet werden, sind wir sicher, dass den meisten der ,,Hunger nach Fleisch&#8220; vergeht. Bewusst oder unbewusst, die Lebensmittelindustrie hat uns in der Hand und verlockt ungehindert zu noch mehr Zucker, Geschmacksverst\u00e4rkern und Fett. Eine aktuelle Studie zeigt, dass \u00fcber die H\u00e4lfte (53 %) der deutschen Erwachsenen und ein F\u00fcnftel (19 %) der Kinder\/Jugendlichen als \u00fcbergewichtig oder fettleibig eingestuft werden, wobei der Anteil der fettleibigen Erwachsenen weiter steigt. Wir m\u00fcssen sp\u00e4teren Generationen einen anderen Weg zeigen! Einen Weg aus nicht verarbeiteten, frischen und gesunden Lebensmitteln! Einen Weg zu einem gesunden K\u00f6rper und Planeten! Auch die Taten einer einzelnen Person ziehen ihr Kreise, verabschiede dich von dem Gedanken, dass du allein nichts \u00e4ndern kannst! &nbsp; &nbsp; &nbsp; [\/vc_column_text][\/vc_column][\/vc_row][vc_row][vc_column][\/vc_column][\/vc_row]<\/p>\n","protected":false},"author":1,"featured_media":0,"parent":0,"menu_order":0,"comment_status":"closed","ping_status":"closed","template":"","meta":{"footnotes":""},"_links":{"self":[{"href":"https:\/\/darmstadt.pono-bowls.de\/index.php\/wp-json\/wp\/v2\/pages\/7578"}],"collection":[{"href":"https:\/\/darmstadt.pono-bowls.de\/index.php\/wp-json\/wp\/v2\/pages"}],"about":[{"href":"https:\/\/darmstadt.pono-bowls.de\/index.php\/wp-json\/wp\/v2\/types\/page"}],"author":[{"embeddable":true,"href":"https:\/\/darmstadt.pono-bowls.de\/index.php\/wp-json\/wp\/v2\/users\/1"}],"replies":[{"embeddable":true,"href":"https:\/\/darmstadt.pono-bowls.de\/index.php\/wp-json\/wp\/v2\/comments?post=7578"}],"version-history":[{"count":9,"href":"https:\/\/darmstadt.pono-bowls.de\/index.php\/wp-json\/wp\/v2\/pages\/7578\/revisions"}],"predecessor-version":[{"id":10970,"href":"https:\/\/darmstadt.pono-bowls.de\/index.php\/wp-json\/wp\/v2\/pages\/7578\/revisions\/10970"}],"wp:attachment":[{"href":"https:\/\/darmstadt.pono-bowls.de\/index.php\/wp-json\/wp\/v2\/media?parent=7578"}],"curies":[{"name":"wp","href":"https:\/\/api.w.org\/{rel}","templated":true}]}}